{"id":97,"date":"2021-06-24T17:35:19","date_gmt":"2021-06-24T17:35:19","guid":{"rendered":"https:\/\/www.missemisterpirassununga.com.br\/site\/?page_id=97"},"modified":"2021-06-24T17:36:50","modified_gmt":"2021-06-24T17:36:50","slug":"servicos-2","status":"publish","type":"page","link":"https:\/\/www.missemisterpirassununga.com.br\/site\/servicos-2\/","title":{"rendered":"Servi\u00e7os"},"content":{"rendered":"<p>Atendemos empresas e investidores que queiram aderir seu nome ao\u00a0nosso\u00a0concurso, divulgando sua marca em todo o espa\u00e7o publicit\u00e1rio utilizado por n\u00f3s em eventos de moda e beleza, direcionando e promovendo seu produto ao seu p\u00fablico alvo.<\/p>\n<p>E ainda \u00e0queles que precisem de nossa produ\u00e7\u00e3o, organiza\u00e7\u00e3o e\/ou promo\u00e7\u00e3o de eventos dentro deste segmento.<br \/>\nInteressados podem entrar em contato pelo e-mail: contato@missemisterpirassununga.com.br.<\/p>\n","protected":false},"excerpt":{"rendered":"<p>Atendemos empresas e investidores que queiram aderir seu nome ao\u00a0nosso\u00a0concurso, divulgando sua marca em todo o espa\u00e7o publicit\u00e1rio utilizado por n\u00f3s em eventos de moda e beleza, direcionando e promovendo seu produto ao seu p\u00fablico alvo. E ainda \u00e0queles que precisem de nossa produ\u00e7\u00e3o, organiza\u00e7\u00e3o e\/ou promo\u00e7\u00e3o de eventos dentro deste segmento. Interessados podem entrar [&hellip;]<\/p>\n","protected":false},"author":1,"featured_media":0,"parent":0,"menu_order":0,"comment_status":"closed","ping_status":"closed","template":"page-full.php","meta":{"h5ap_radio_sources":[],"footnotes":""},"class_list":["post-97","page","type-page","status-publish","hentry"],"_links":{"self":[{"href":"https:\/\/www.missemisterpirassununga.com.br\/site\/wp-json\/wp\/v2\/pages\/97","targetHints":{"allow":["GET"]}}],"collection":[{"href":"https:\/\/www.missemisterpirassununga.com.br\/site\/wp-json\/wp\/v2\/pages"}],"about":[{"href":"https:\/\/www.missemisterpirassununga.com.br\/site\/wp-json\/wp\/v2\/types\/page"}],"author":[{"embeddable":true,"href":"https:\/\/www.missemisterpirassununga.com.br\/site\/wp-json\/wp\/v2\/users\/1"}],"replies":[{"embeddable":true,"href":"https:\/\/www.missemisterpirassununga.com.br\/site\/wp-json\/wp\/v2\/comments?post=97"}],"version-history":[{"count":2,"href":"https:\/\/www.missemisterpirassununga.com.br\/site\/wp-json\/wp\/v2\/pages\/97\/revisions"}],"predecessor-version":[{"id":103,"href":"https:\/\/www.missemisterpirassununga.com.br\/site\/wp-json\/wp\/v2\/pages\/97\/revisions\/103"}],"wp:attachment":[{"href":"https:\/\/www.missemisterpirassununga.com.br\/site\/wp-json\/wp\/v2\/media?parent=97"}],"curies":[{"name":"wp","href":"https:\/\/api.w.org\/{rel}","templated":true}]}}