{"id":336,"date":"2023-03-20T18:35:49","date_gmt":"2023-03-20T21:35:49","guid":{"rendered":"https:\/\/www.missemisterpirassununga.com.br\/?page_id=336"},"modified":"2024-05-02T23:23:10","modified_gmt":"2024-05-03T02:23:10","slug":"miss-pirassununga-pluz-size","status":"publish","type":"page","link":"https:\/\/www.missemisterpirassununga.com.br\/site\/miss-pirassununga-pluz-size\/","title":{"rendered":"Miss Pirassununga Pluz Size\u00a0"},"content":{"rendered":"<p><strong>Miss Pirassununga Pluz Size\u00a0 2024<\/strong><\/p>\n<p><strong>\u00a0<\/strong><strong>REGRAS PARA A INSCRI\u00c7\u00c3O<\/strong><\/p>\n<p><strong>\u00a0<\/strong><strong>\u00a0<\/strong><\/p>\n<p>As inscri\u00e7\u00f5es est\u00e3o abertas \u00e0 mo\u00e7as entre 18 anos \u00e0 50 anos, com manequim acima da numera\u00e7\u00e3o 44, que concorrer\u00e3o \u00e0 uma das 20 vagas ao t\u00edtulo de Miss Pluz Size.<\/p>\n<p>&nbsp;<\/p>\n<ul>\n<li>As candidatas <strong>n\u00e3o<\/strong> podem estar gr\u00e1vidas durante o per\u00edodo da campanha.<\/li>\n<\/ul>\n<p>&nbsp;<\/p>\n<p>Uma equipe t\u00e9cnica escolher\u00e1 em uma pr\u00e9-sele\u00e7\u00e3o, entre 10 \u00e0 20 mo\u00e7as, que ir\u00e3o concorrer ao t\u00edtulo de Miss Pluz Size Pirassununga e regi\u00e3o, \u00e0 se realizar na noite de <strong>22 <\/strong>e<strong> 23<\/strong>de <strong>Novembro<\/strong>, no <strong>Centro de Conven\u00e7\u00f5es de Pirassununga<\/strong>, localizado \u00e0 avenida Paingu\u00e1s 2014.<\/p>\n<p>&nbsp;<\/p>\n<p><strong>\u00a0\u00a0\u00a0\u00a0\u00a0\u00a0 <\/strong>1<strong> &#8211;<\/strong> As interessadas dever\u00e3o preencher a ficha de cadastro com nome, e-mail e telefone em <strong>LETRA<\/strong> de <strong>FORMA<\/strong>, para que possam ser identificados e contactados posteriormente pela produ\u00e7\u00e3o do evento.<\/p>\n<p>A primeira reuni\u00e3o com os candidatos ser\u00e1 no terceiro final de semana de junho\u00a0\u00e0s <strong>14:00hs<\/strong>, em local \u00e0 cofirmar, onde <strong>dever\u00e3o comparecer com uma autoriza\u00e7\u00e3o de uso de imagem, \u00e0 ser solicitada via e-mail para a organiza\u00e7\u00e3o do evento pelo endere\u00e7o <a href=\"mailto:modelsfaces@gmail.com\">modelsfaces@gmail.com<\/a> com c\u00f3pia para <a href=\"mailto:contato@modelsfacesbrasil.com.br\">contato@modelsfacesbrasil.com.br<\/a> deixando nome completo, idade e telefone para contato<\/strong>.<\/p>\n<p>2 &#8211; Na data da pr\u00e9-sele\u00e7\u00e3o, as candidatas dever\u00e3o comparecer trajando roupa de banho por baixo, para retirada das medidas de altura, busto, quadril e cintura.<\/p>\n<p>3 &#8211;\u00a0<strong>N\u00e3o \u00e9 cobrado taxa de inscri\u00e7\u00e3o para participar da seletiva, por\u00e9m as candidatas escolhidas para desfilar em apresenta\u00e7\u00e3o ao p\u00fablico e ao corpo de jurados\u00a0 na grande final em outubro, dever\u00e3o vender para amigos e familiares, a quantidade m\u00ednima de 10 convites (ao pre\u00e7o de R$20,00 cada, sendo acertado o valor dos dois primeiros ingressos no m\u00eas de junho), sendo devolvido o dinheiro da venda dos ingressos 5 dias antes do evento, n\u00e3o sendo permitido devolver convites n\u00e3o vendidos, sob pena de desclassifica\u00e7\u00e3o do concurso).<\/strong><\/p>\n<p><strong>Os candidatos que tiverem dificuldades de venda de convites, podem oferecer seus convites aos outros candidatos que tem necessidade de compra de mais de 10 convites, para se ajudarem entre si.<\/strong><\/p>\n<p>4 &#8211; As candidatas selecionadas, DEVER\u00c3O assinar um contrato de fidelidade e comportamental (<strong>direitos e deveres da vencedora<\/strong>) para continuar participando do concurso, sendo desclassificadas em caso de negativa.<\/p>\n<p>5 &#8211; As vencedoras ter\u00e3o o direito e a obriga\u00e7\u00e3o de representar Pirassununga na etapa estadual do concurso, em meados de 2025, estando com sua inscri\u00e7\u00e3o paga, documenta\u00e7\u00e3o e trajes prontos, com pelo menos 15 dias de anteced\u00eancia ao evento. O n\u00e3o cumprimento desta clausula implica na perda do t\u00edtulo, devendo passar o mesmo e a faixa ao seu sucessor imediato, conforme decis\u00e3o da organiza\u00e7\u00e3o.<\/p>\n<p>6 &#8211; <strong>A decis\u00e3o do jurado \u00e9 soberana e incontest\u00e1vel, devendo ser acatada incondicionalmente pela candidata ou sua respons\u00e1vel, respeitando a escolha dos jurados e abstendo-se de qualquer inger\u00eancia quanto ao resultado ou a premia\u00e7\u00e3o que lhe couber caso seja um dos finalistas, sendo que qualquer cr\u00edtica negativa ou ofensiva em rela\u00e7\u00e3o \u00e0 organiza\u00e7\u00e3o ou ao corpo de jurados estar\u00e1 cometendo crime de cal\u00fania e difama\u00e7\u00e3o, pass\u00edvel de processo, multa e perca do t\u00edtulo<\/strong>.<\/p>\n<p>&nbsp;<\/p>\n<p>Toda e qualquer d\u00favida, poder\u00e1 ser enviada para os organizadores via e-mail, nos endere\u00e7os acima citados, que ser\u00e3o respondidos em at\u00e9 48 horas.<\/p>\n<p>&nbsp;<\/p>\n<p>&nbsp;<\/p>\n<p><strong>VOTA\u00c7\u00c3O ON-LINE<\/strong><\/p>\n<p><strong>\u00a0<\/strong><\/p>\n<p><strong>\u00a0<\/strong><\/p>\n<p>Ap\u00f3s feita a inscri\u00e7\u00e3o, a candidata dever\u00e1 (<strong>em at\u00e9 10 dias ap\u00f3s o contato telef\u00f4nico da organiza\u00e7\u00e3o<\/strong>), se dirigir \u00e0 <strong>WAP<\/strong> produtora, na rua XV de Novembro 1033, de ter\u00e7a \u00e0 quinta feira, em hor\u00e1rio comercial (<strong>entre 09:30hs \u00e0 12:00hs <\/strong>e<strong> 14;30hs \u00e0 17:00hs<\/strong>) para ser fotografada com a camiseta oficial do evento (<strong>a produtora cobra uma taxa simb\u00f3lica de R$10,00 pela foto, paga antes da foto ser tirada<\/strong>), j\u00e1 maquiada e penteada, onde as fotos, ser\u00e3o divulgadas em um \u00e1lbum na p\u00e1gina oficial do concurso, e a foto mais votada dar\u00e1 \u00e0 vencedora um pr\u00eamio especial.<\/p>\n<p>N\u00e3o ser\u00e3o aceitas curtidas de perfis fakes, ou internacionais comprovadamente falsos, nem ser\u00e1 tolerada qualquer fraude ou subterf\u00fagio usado para alavancar o n\u00famero de curtidas, que n\u00e3o aqueles conseguidos manualmente, ou seja, contato por contato.<\/p>\n<p>Ap\u00f3s o encerramento do per\u00edodo de vota\u00e7\u00e3o, qualquer voto posterior n\u00e3o ser\u00e1 mais computado, e a equipe organizadora analisar\u00e1 os resultados para atestar a legitimidade das mesmas.<\/p>\n<p>O resultado ser\u00e1 printado ao meio dia da data da seletiva, e s\u00f3 ser\u00e1 revelado na noite de coroa\u00e7\u00e3o do evento.<\/p>\n<p>As fotos ser\u00e3o postadas no \u00e1lbum toda segunda feira posterior \u00e0 semana em que a foto foi tirada, e logicamente, aqueles que se inscreverem e fotografarem antecipadamente, ter\u00e3o mais tempo de conseguir votos do que aqueles que o fizerem mais perto da seletiva, ciente disso, a <strong>decis\u00e3o de participar ou n\u00e3o da vota\u00e7\u00e3o on-line e de quando ir\u00e1 se inscrever para o concurso fica \u00e0 crit\u00e9rio de cada candidato ou respons\u00e1vel<\/strong>.<\/p>\n<p>&nbsp;<\/p>\n<p>O per\u00edodo para ser fotografado ir\u00e1 at\u00e9 o dia 09 de setembro, e os votos ser\u00e3o contados at\u00e9 \u00e0s 1200hs do dia 14 de setembro, e o resultado, divulgado na noite do evento.<\/p>\n<p><strong>\u00a0<\/strong><\/p>\n<p><strong>Ao se inscrever, a equipe organizadora entende que a candidata leu, entendeu, e concorda com as regras aqui descritas, e n\u00e3o aceitar\u00e1 reclama\u00e7\u00f5es posteriores.<\/strong><\/p>\n<p>&nbsp;<\/p>\n<p>&nbsp;<\/p>\n<p><strong>\u00a0<\/strong><\/p>\n<p>Informa\u00e7\u00f5es:<\/p>\n<p>Gilmar\/whats \u2013 (19) 997516255<\/p>\n<p>Email \u2013\u00a0\u00a0 <strong><a href=\"mailto:contato@modelsfacesbrasil.com.br\">contato@modelsfacesbrasil.com.br<\/a><\/strong><\/p>\n<p>&nbsp;<\/p>\n","protected":false},"excerpt":{"rendered":"<p>Miss Pirassununga Pluz Size\u00a0 2024 \u00a0REGRAS PARA A INSCRI\u00c7\u00c3O \u00a0\u00a0 As inscri\u00e7\u00f5es est\u00e3o abertas \u00e0 mo\u00e7as entre 18 anos \u00e0 50 anos, com manequim acima da numera\u00e7\u00e3o 44, que concorrer\u00e3o \u00e0 uma das 20 vagas ao t\u00edtulo de Miss Pluz Size. &nbsp; As candidatas n\u00e3o podem estar gr\u00e1vidas durante o per\u00edodo da campanha. &nbsp; Uma [&hellip;]<\/p>\n","protected":false},"author":1,"featured_media":0,"parent":0,"menu_order":0,"comment_status":"closed","ping_status":"closed","template":"","meta":{"h5ap_radio_sources":[],"footnotes":""},"class_list":["post-336","page","type-page","status-publish","hentry"],"_links":{"self":[{"href":"https:\/\/www.missemisterpirassununga.com.br\/site\/wp-json\/wp\/v2\/pages\/336","targetHints":{"allow":["GET"]}}],"collection":[{"href":"https:\/\/www.missemisterpirassununga.com.br\/site\/wp-json\/wp\/v2\/pages"}],"about":[{"href":"https:\/\/www.missemisterpirassununga.com.br\/site\/wp-json\/wp\/v2\/types\/page"}],"author":[{"embeddable":true,"href":"https:\/\/www.missemisterpirassununga.com.br\/site\/wp-json\/wp\/v2\/users\/1"}],"replies":[{"embeddable":true,"href":"https:\/\/www.missemisterpirassununga.com.br\/site\/wp-json\/wp\/v2\/comments?post=336"}],"version-history":[{"count":6,"href":"https:\/\/www.missemisterpirassununga.com.br\/site\/wp-json\/wp\/v2\/pages\/336\/revisions"}],"predecessor-version":[{"id":435,"href":"https:\/\/www.missemisterpirassununga.com.br\/site\/wp-json\/wp\/v2\/pages\/336\/revisions\/435"}],"wp:attachment":[{"href":"https:\/\/www.missemisterpirassununga.com.br\/site\/wp-json\/wp\/v2\/media?parent=336"}],"curies":[{"name":"wp","href":"https:\/\/api.w.org\/{rel}","templated":true}]}}