{"id":333,"date":"2023-03-20T18:35:10","date_gmt":"2023-03-20T21:35:10","guid":{"rendered":"https:\/\/www.missemisterpirassununga.com.br\/?page_id=333"},"modified":"2024-05-02T23:24:34","modified_gmt":"2024-05-03T02:24:34","slug":"miss-mister-pirassununga-infantil","status":"publish","type":"page","link":"https:\/\/www.missemisterpirassununga.com.br\/site\/miss-mister-pirassununga-infantil\/","title":{"rendered":"Miss &#038; Mister Pirassununga\u00a0Infantil"},"content":{"rendered":"<p><strong>Miss &amp; Mister Pirassununga &#8211; Infantil\u00a0 &#8211;\u00a0 2024<\/strong><\/p>\n<p><strong>\u00a0\u00a0<\/strong><\/p>\n<p><strong>REGRAS PARA A INSCRI\u00c7\u00c3O<\/strong><\/p>\n<p><strong>\u00a0<\/strong><\/p>\n<p>Para crian\u00e7as \u00e0 partir de <strong>4<\/strong> at\u00e9 <strong>12<\/strong> anos de idade (em caso do bi\u00f3tipo ser compat\u00edvel), desde que seja desenvolta e independente na passarela, sem o incentivo ou a presen\u00e7a da m\u00e3e\/pai.<\/p>\n<p>&nbsp;<\/p>\n<ul>\n<li><strong>O candidato (a) da categoria infanto \u2013 juvenil (10 \u00e0 12 anos) que tiver o <\/strong><strong>biotipo (corpo e altura) de adolescente, que destoe das demais crian\u00e7as <\/strong><strong>daquela categoria, ser\u00e1 alocado na categoria teen, e o adolescente acima <\/strong><strong>de 13 anos, que tiver o bi\u00f3tipo infantil, que destoe dos demais, ser\u00e1 <\/strong><strong>transferido para a categoria infantil<\/strong>.<\/li>\n<\/ul>\n<p>&nbsp;<\/p>\n<p>Requisitos:<\/p>\n<p>&nbsp;<\/p>\n<p>1 \u2013 Ter nascido, morar ou estudar (<strong>regularmente<\/strong>) em Pirassununga.<\/p>\n<ul>\n<li>N\u00e3o mudar-se de Pirassununga entre o per\u00edodo das inscri\u00e7\u00f5es at\u00e9 6 meses ap\u00f3s sua coroa\u00e7\u00e3o (<strong>o candidato ter\u00e1 que estar na cidade durante a semana para cumprir as obriga\u00e7\u00f5es presenciais de seu reinado<\/strong>)<\/li>\n<li>Em caso de planos de mudan\u00e7a de cidade, o respons\u00e1vel informar\u00e1 antecipadamente \u00e0 organiza\u00e7\u00e3o (<strong>at\u00e9 \u00e0 data da seletiva<\/strong>), que transferir\u00e1 o candidato para a\u00a0<strong>categoria regional<\/strong>, caso a cidade em quest\u00e3o esteja dentro das localidades relacionadas \u00e0 essa categoria.<\/li>\n<li><strong>Na data da seletiva o respons\u00e1vel dever\u00e1 apresentar comprovante de resid\u00eancia e\/ou rg escolar da crian\u00e7a<\/strong>.<\/li>\n<li>N\u00e3o ter nenhum v\u00ednculo ou compromisso com qualquer ag\u00eancia ou empresa que de alguma maneira, venha a prejudicar ou impedir o cumprimento dos compromissos durante o concurso e o reinado 2024.<\/li>\n<\/ul>\n<p>&nbsp;<\/p>\n<p>Uma equipe t\u00e9cnica selecionar\u00e1 em uma pr\u00e9-sele\u00e7\u00e3o, 20 meninas e 20 meninos que ir\u00e3o concorrer ao t\u00edtulo de <strong>Miss<\/strong> e <strong>Mister Pirassununga<\/strong> nas categorias <strong>mirim<\/strong>, <strong>infantil<\/strong> e <strong>infanto juvenil<\/strong>, \u00e0 se realizar na tarde de 11 de novembro de 2024 no <strong>centro de conven\u00e7\u00f5es de Pirassununga<\/strong>, avenida Paingu\u00e1s 2014.<\/p>\n<p>&nbsp;<\/p>\n<p>Os interessados dever\u00e3o preencher a ficha de cadastro com nome, e-mail e telefone em <strong>LETRA<\/strong> de <strong>FORMA<\/strong>, para que possam ser identificados e contactados posteriormente pela produ\u00e7\u00e3o do evento.<\/p>\n<p>&nbsp;<\/p>\n<p>A primeira reuni\u00e3o com os candidatos ser\u00e1 no terceiro final de semana de junho \u00e0s\u00a0<strong>14:00hs<\/strong>, em local \u00e0 confirmar, onde <strong>dever\u00e3o comparecer com uma autoriza\u00e7\u00e3o assinada pelo pai ou respons\u00e1vel para a participa\u00e7\u00e3o do menor no evento, al\u00e9m de uma autoriza\u00e7\u00e3o de uso de imagem, \u00e0 ser solicitada via email para a organiza\u00e7\u00e3o pelo endere\u00e7o <a href=\"mailto:modelsfaces@gmail.com\">modelsfaces@gmail.com<\/a> com c\u00f3pia para <a href=\"mailto:contato@modelsfacesbrasil.com.br\">contato@modelsfacesbrasil.com.br<\/a> deixando nome completo do pai ou respons\u00e1vel e da crian\u00e7a, idade e telefone para contato<\/strong>.<\/p>\n<p>&nbsp;<\/p>\n<p>2<strong> &#8211;<\/strong> <strong>N\u00e3o \u00e9 cobrado taxa de inscri\u00e7\u00e3o para participar da seletiva, por\u00e9m os pais das crian\u00e7as escolhidas para desfilar na grande final em novembro, em apresenta\u00e7\u00e3o ao j\u00fari e ao p\u00fablico presente, dever\u00e3o vender os convites (ao pre\u00e7o de R$20,00 cada, sendo acertado o valor dos dois primeiros convites no m\u00eas de junho) para amigos e familiares a quantidade m\u00ednima de 10 convites), sendo devolvido o dinheiro da venda dos ingressos 5 dias antes do evento, n\u00e3o sendo permitido devolver convites n\u00e3o vendidos, sob pena de desclassifica\u00e7\u00e3o do concurso).<\/strong><\/p>\n<p><strong>Os pais que tiverem dificuldades de venda de convites, podem oferecer seus convites aos pais que tem necessidade de compra de mais de 10 convites, para se ajudarem entre si.<\/strong><strong>\u00a0<\/strong><\/p>\n<p>3<strong> \u2013 <\/strong>O respons\u00e1vel que acompanha a crian\u00e7a no desfile n\u00e3o pagar\u00e1 pelo seu convite.<strong>\u00a0<\/strong><\/p>\n<p>4 &#8211; Os vencedores ter\u00e3o o direito e a obriga\u00e7\u00e3o de representar Pirassununga na etapa estadual do concurso, em meados de 2025, estando com sua inscri\u00e7\u00e3o paga, documenta\u00e7\u00e3o e trajes prontos, com pelo menos 15 dias de anteced\u00eancia ao evento. O n\u00e3o cumprimento desta clausula implica na perda do t\u00edtulo, devendo passar o mesmo e a faixa ao seu sucessor imediato, conforme decis\u00e3o da organiza\u00e7\u00e3o.<\/p>\n<p>5 \u2013 <strong>A decis\u00e3o do jurado \u00e9 soberana e incontest\u00e1vel, devendo ser acatada incondicionalmente pelo candidato ou seu respons\u00e1vel, respeitando a escolha dos jurados e abstendo-se de qualquer inger\u00eancia quanto ao resultado ou a premia\u00e7\u00e3o que lhe couber caso seja um dos finalistas, sendo que qualquer cr\u00edtica negativa ou ofensiva em rela\u00e7\u00e3o \u00e0 organiza\u00e7\u00e3o ou ao corpo de jurados estar\u00e1 cometendo crime de cal\u00fania e difama\u00e7\u00e3o, pass\u00edvel de processo, multa e perca do t\u00edtulo<\/strong>.<\/p>\n<p>&nbsp;<\/p>\n<p>Toda e qualquer d\u00favida do respons\u00e1vel pelo menor, poder\u00e1 ser enviada para os organizadores via e-mail, nos endere\u00e7os acima citados, que ser\u00e3o respondidos em at\u00e9 48 horas. <strong>\u00a0<\/strong><\/p>\n<p><strong>\u00a0<\/strong><\/p>\n<p><strong>\u00a0<\/strong><\/p>\n<p><strong>\u00a0<\/strong><\/p>\n<p><strong>\u00a0\u00a0\u00a0\u00a0\u00a0\u00a0\u00a0\u00a0\u00a0\u00a0\u00a0\u00a0\u00a0\u00a0\u00a0\u00a0\u00a0\u00a0\u00a0\u00a0\u00a0\u00a0\u00a0\u00a0\u00a0\u00a0\u00a0\u00a0\u00a0\u00a0\u00a0\u00a0\u00a0\u00a0\u00a0\u00a0\u00a0 VOTA\u00c7\u00c3O ON-LINE<\/strong><\/p>\n<p><strong>\u00a0<\/strong><\/p>\n<p><strong>\u00a0<\/strong><\/p>\n<p>Ap\u00f3s feita a inscri\u00e7\u00e3o, o respons\u00e1vel pela crian\u00e7a\u00a0 <strong>DEVER\u00c1<\/strong> leva-la (<strong>em at\u00e9 10 dias ap\u00f3s o contato telef\u00f4nico da organiza\u00e7\u00e3o<\/strong>) at\u00e9 a <strong>WAP<\/strong> produtora, na rua XV de Novembro 1033, de ter\u00e7a \u00e0 quinta feira, em hor\u00e1rio comercial (<strong>entre 09:30hs \u00e0 12:00hs <\/strong>e<strong> 1430hs \u00e0 1700hs<\/strong>) para ser fotografada com a camiseta oficial do evento (<strong>a produtora cobra uma taxa simb\u00f3lica de R$10,00 pela foto, paga antes da crian\u00e7a ser fotografada<\/strong>), j\u00e1 produzida (sem exageros), onde a foto ser\u00e1 divulgada em um \u00e1lbum na p\u00e1gina oficial do concurso, e a foto mais votada classificar\u00e1 a crian\u00e7a como vencedora do pr\u00eamio <strong>Popularidade Internet<\/strong>.<strong>\u00a0<\/strong><\/p>\n<p>N\u00e3o ser\u00e3o aceitas curtidas de perfis fakes, ou internacionais comprovadamente falsos, nem ser\u00e1 tolerada qualquer fraude ou subterf\u00fagio usado para alavancar o n\u00famero de curtidas, que n\u00e3o aqueles conseguidos manualmente, ou seja, contato por contato.<\/p>\n<p>Ap\u00f3s o encerramento do per\u00edodo de vota\u00e7\u00e3o, qualquer voto posterior n\u00e3o ser\u00e1 mais computado, e a equipe organizadora analisar\u00e1 os resultados para atestar a legitimidade das mesmas.<\/p>\n<p>O resultado ser\u00e1 printado ao meio dia da data da seletiva, e s\u00f3 ser\u00e1 revelado na tarde de coroa\u00e7\u00e3o do evento.<\/p>\n<p>As fotos ser\u00e3o postadas no \u00e1lbum toda segunda feira posterior \u00e0 semana em que foi tirada, e logicamente, aqueles que se inscreverem e fotografarem antecipadamente, ter\u00e3o mais tempo de conseguir votos do que aqueles que o fizerem mais perto da seletiva, ciente disso, a <strong>decis\u00e3o de participar ou n\u00e3o da vota\u00e7\u00e3o on-line e de quando ir\u00e1 se inscrever para o concurso fica \u00e0 crit\u00e9rio de cada candidato ou respons\u00e1vel<\/strong>.<\/p>\n<p>&nbsp;<\/p>\n<p>O per\u00edodo para ser fotografado ir\u00e1 at\u00e9 o dia 09 de setembro, e os votos ser\u00e3o contados at\u00e9 \u00e0s 1200hs do dia 14 de setembro, e o resultado, divulgado na tarde do evento.<\/p>\n<p>&nbsp;<\/p>\n<p><strong>Ao se inscrever, a equipe organizadora entende que o candidato leu, entendeu, e concorda com as regras aqui descritas, e n\u00e3o aceitar\u00e1 reclama\u00e7\u00f5es posteriores.<\/strong><\/p>\n<p>&nbsp;<\/p>\n<p>&nbsp;<\/p>\n<p><strong>\u00a0<\/strong><\/p>\n<p>Informa\u00e7\u00f5es:<\/p>\n<p>Gilmar\/whats \u2013 (19) 997516255<\/p>\n<p>Email \u2013\u00a0\u00a0 <strong><a href=\"mailto:contato@modelsfacesbrasil.com.br\">contato@modelsfacesbrasil.com.br<\/a><\/strong><\/p>\n<p>&nbsp;<\/p>\n","protected":false},"excerpt":{"rendered":"<p>Miss &amp; Mister Pirassununga &#8211; Infantil\u00a0 &#8211;\u00a0 2024 \u00a0\u00a0 REGRAS PARA A INSCRI\u00c7\u00c3O \u00a0 Para crian\u00e7as \u00e0 partir de 4 at\u00e9 12 anos de idade (em caso do bi\u00f3tipo ser compat\u00edvel), desde que seja desenvolta e independente na passarela, sem o incentivo ou a presen\u00e7a da m\u00e3e\/pai. &nbsp; O candidato (a) da categoria infanto \u2013 [&hellip;]<\/p>\n","protected":false},"author":1,"featured_media":0,"parent":0,"menu_order":0,"comment_status":"closed","ping_status":"closed","template":"","meta":{"h5ap_radio_sources":[],"footnotes":""},"class_list":["post-333","page","type-page","status-publish","hentry"],"_links":{"self":[{"href":"https:\/\/www.missemisterpirassununga.com.br\/site\/wp-json\/wp\/v2\/pages\/333","targetHints":{"allow":["GET"]}}],"collection":[{"href":"https:\/\/www.missemisterpirassununga.com.br\/site\/wp-json\/wp\/v2\/pages"}],"about":[{"href":"https:\/\/www.missemisterpirassununga.com.br\/site\/wp-json\/wp\/v2\/types\/page"}],"author":[{"embeddable":true,"href":"https:\/\/www.missemisterpirassununga.com.br\/site\/wp-json\/wp\/v2\/users\/1"}],"replies":[{"embeddable":true,"href":"https:\/\/www.missemisterpirassununga.com.br\/site\/wp-json\/wp\/v2\/comments?post=333"}],"version-history":[{"count":7,"href":"https:\/\/www.missemisterpirassununga.com.br\/site\/wp-json\/wp\/v2\/pages\/333\/revisions"}],"predecessor-version":[{"id":436,"href":"https:\/\/www.missemisterpirassununga.com.br\/site\/wp-json\/wp\/v2\/pages\/333\/revisions\/436"}],"wp:attachment":[{"href":"https:\/\/www.missemisterpirassununga.com.br\/site\/wp-json\/wp\/v2\/media?parent=333"}],"curies":[{"name":"wp","href":"https:\/\/api.w.org\/{rel}","templated":true}]}}