{"id":329,"date":"2023-03-20T18:33:35","date_gmt":"2023-03-20T21:33:35","guid":{"rendered":"https:\/\/www.missemisterpirassununga.com.br\/?page_id=329"},"modified":"2024-05-02T23:25:27","modified_gmt":"2024-05-03T02:25:27","slug":"miss-mister-pirassununga-2","status":"publish","type":"page","link":"https:\/\/www.missemisterpirassununga.com.br\/site\/miss-mister-pirassununga-2\/","title":{"rendered":"\u00a0Miss &#038; Mister Pirassununga"},"content":{"rendered":"<p><strong>Miss &amp; Mister Pirassununga\u00a0 2024<\/strong><\/p>\n<p>&nbsp;<\/p>\n<p><strong>REGRAS PARA A INSCRI\u00c7\u00c3O<\/strong><\/p>\n<p><strong>\u00a0<\/strong><\/p>\n<p>As inscri\u00e7\u00f5es est\u00e3o abertas \u00e0 rapazes e mo\u00e7as \u00e0 partir de 13 anos (em caso de biotipo compat\u00edvel), onde os inscritos at\u00e9 17 anos participar\u00e3o da categoria\u00a0<strong>teen<\/strong>\u00a0do concurso e \u00e0 partir de 18 concorrer\u00e3o \u00e0 uma das 30 vagas na categoria\u00a0<strong>adulto<\/strong>.<\/p>\n<p>&nbsp;<\/p>\n<p>Requisitos para a categoria\u00a0<strong>adulto<\/strong>:<\/p>\n<p>&nbsp;<\/p>\n<p>1 &#8211; Ter nascido, residir, trabalhar (<strong>regularmente<\/strong>) ou estudar (<strong>regularmente<\/strong>) na cidade.<\/p>\n<ul>\n<li>N\u00e3o mudar-se de Pirassununga entre o per\u00edodo das inscri\u00e7\u00f5es at\u00e9 6 meses ap\u00f3s sua coroa\u00e7\u00e3o (<strong>o candidato ter\u00e1 que estar na cidade durante a semana para cumprir as obriga\u00e7\u00f5es presenciais de seu reinado<\/strong>)<\/li>\n<li>Em caso de planos de mudan\u00e7a de cidade, ou por quest\u00e3o de faculdade, o candidato informar\u00e1 antecipadamente \u00e0 organiza\u00e7\u00e3o (<strong>at\u00e9 \u00e0 data da seletiva<\/strong>), que transferir\u00e1 o candidato para a\u00a0<strong>categoria regional<\/strong>, caso a cidade em quest\u00e3o esteja dentro das localidades relacionadas \u00e0 essa categoria.<\/li>\n<li><strong>Na data da seletiva o candidato dever\u00e1 apresentar comprovante de resid\u00eancia e\/ou rg escolar e documento de identidade<\/strong>.<\/li>\n<li>N\u00e3o possuir antecedentes criminais.<\/li>\n<li>N\u00e3o ter nenhum v\u00ednculo ou compromisso com qualquer ag\u00eancia ou empresa que de alguma maneira, venha a prejudicar ou impedir o cumprimento dos compromissos durante o concurso e o reinado 2024.<\/li>\n<\/ul>\n<p>&nbsp;<\/p>\n<p><strong>Adultos<\/strong>:<\/p>\n<p>2 &#8211; Homens devem ter entre 18 \u00e0 35 anos, corpo atl\u00e9tico ou definido e altura igual ou superior \u00e0 1.70m<\/p>\n<p>3 &#8211; Mulheres devem ter entre 18 \u00e0 27 anos, corpo esbelto e proporcional ao t\u00edtulo e altura igual ou superior \u00e0 1.68m.<\/p>\n<p>4 &#8211; Os candidatos devem ser solteiros (no m\u00e1ximo noivos), e as mulheres\u00a0<strong>n\u00e3o\u00a0<\/strong>devem estar gr\u00e1vidas durante o per\u00edodo da campanha.<\/p>\n<p>5 \u2013 Ter beleza de rosto e corpo e condi\u00e7\u00f5es (cultura, profissionalismo, simpatia e conhecimento) para representar Pirassununga e regi\u00e3o nas etapas regionais e estaduais da franquia.<\/p>\n<p><strong>\u00a0<\/strong><\/p>\n<p><strong>Teen<\/strong>:<\/p>\n<p>1 &#8211; Meninos devem ter entre 13 \u00e0 17 anos (<strong>exceto os candidatos que completem 18 anos entre a data da seletiva e a noite da coroa\u00e7\u00e3o<\/strong>), corpo atl\u00e9tico ou definido e altura igual ou superior \u00e0 1.60m<\/p>\n<p>2 &#8211; Meninas devem ter entre 13 \u00e0 17 anos (<strong>exceto as candidatas que completem 18 anos entre a data da seletiva e a noite da coroa\u00e7\u00e3o)<\/strong>, corpo esbelto e proporcional ao t\u00edtulo e altura igual ou superior \u00e0 1.55m.<\/p>\n<ul>\n<li>O candidato que completar 18 anos no dia da seletiva de escolha, at\u00e9 a data da coroa\u00e7\u00e3o, poder\u00e1 permanecer na categoria teen, caso o biotipo seja compat\u00edvel, em comum acordo com a organiza\u00e7\u00e3o e se, de desejo do candidato.<\/li>\n<\/ul>\n<ul>\n<li><strong>O candidato (a) da categoria infanto &#8211; juvenil (10 \u00e0 12 anos) que tiver o\u00a0biotipo (corpo e altura) de adolescente, que destoe das demais crian\u00e7as\u00a0daquela categoria, ser\u00e3o alocados na categoria teen, e o adolescente acima<\/strong>\u00a0<strong>de 13 anos, que tiver o biotipo infantil, que destoe dos demais, ser\u00e1<\/strong>\u00a0<strong>transferido para a categoria infantil<\/strong>.<strong>\u00a0<\/strong><\/li>\n<\/ul>\n<p>3 &#8211; Ter beleza de rosto e corpo e condi\u00e7\u00f5es (cultura, profissionalismo, simpatia e conhecimento) para representar Pirassununga e regi\u00e3o nas etapas regionais e estaduais da franquia.<\/p>\n<p>Uma equipe t\u00e9cnica escolher\u00e1 em uma pr\u00e9-sele\u00e7\u00e3o, entre 10 \u00e0 20 rapazes e mo\u00e7as e 10 \u00e0 20 meninas e meninos (o n\u00famero m\u00e1ximo de casais ficar\u00e1 \u00e0 crit\u00e9rio da organiza\u00e7\u00e3o, conforme o n\u00edvel de beleza dos participantes inscritos e presentes) que ir\u00e3o concorrer ao t\u00edtulo de Miss e Mister Pirassununga, categorias adulto e teen, \u00e0 se realizar na noite de 23 e 24 de novembro, no <strong>Centro de Conven\u00e7\u00f5es de Pirassununga<\/strong>, localizado \u00e0 avenida Paingu\u00e1s 2014.<\/p>\n<p>4<strong> \u2013<\/strong>\u00a0Os interessados dever\u00e3o preencher a ficha de cadastro com nome, e-mail e telefone em\u00a0<strong>LETRA\u00a0<\/strong>de\u00a0<strong>FORMA<\/strong>, para que possam ser identificados e contactados posteriormente pela produ\u00e7\u00e3o do evento.<\/p>\n<p>5<strong> \u2013<\/strong> A primeira reuni\u00e3o com os candidatos ser\u00e1 no terceiro final de semana de junhoe<strong>\u00a0<\/strong>\u00e0s\u00a0<strong>14:00hs<\/strong>,m local \u00e0 confirmar, onde\u00a0<strong>dever\u00e3o comparecer com uma autoriza\u00e7\u00e3o assinada pelo pai ou respons\u00e1vel (no caso de candidato menor de 18 anos para a participa\u00e7\u00e3o do mesmo no evento), al\u00e9m de uma autoriza\u00e7\u00e3o de uso de imagem (essa, para todos os candidatos), \u00e0 ser solicitada via e-mail para a organiza\u00e7\u00e3o do evento pelo endere\u00e7o <\/strong><a href=\"mailto:modelsfaces@gmail.com\"><strong>modelsfaces@gmail.com<\/strong><\/a><strong><u>\u00a0<\/u>com c\u00f3pia para\u00a0<\/strong><a href=\"mailto:contato@modelsfacesbrasil.com.br\"><strong>contato@modelsfacesbrasil.com.br<\/strong><\/a><strong><u>, <\/u>deixando nome completo, idade e telefone para contato<\/strong>.<\/p>\n<p>6 \u2013 Na data da pr\u00e9-sele\u00e7\u00e3o, os candidatos dever\u00e3o comparecer trajando roupa de banho por baixo, para retirada das medidas de altura, busto, quadril, cintura e t\u00f3rax.<\/p>\n<p><strong>7<\/strong> \u2013\u00a0<strong>N\u00e3o \u00e9 cobrado taxa de inscri\u00e7\u00e3o para participar da seletiva, por\u00e9m os candidatos escolhidos para desfilar em apresenta\u00e7\u00e3o ao p\u00fablico e ao corpo de jurados na grande final em novembro (ou pai ou respons\u00e1vel, no caso de menor de 18 anos), dever\u00e3o vender para amigos e familiares, a quantidade m\u00ednima de 10 convites (ao pre\u00e7o de R$20,00 cada, sendo o valor dos dois primeiros ingressos acertados no m\u00eas de junho), sendo devolvido o dinheiro da venda dos ingressos 5 dias antes do evento, n\u00e3o sendo permitido devolver convites n\u00e3o vendidos, sob pena de desclassifica\u00e7\u00e3o do concurso).<\/strong>\u00a0<strong>Os candidatos que tiverem dificuldades de venda de convites, podem oferecer seus convites aos outros candidatos que tem necessidade de compra de mais de 10 convites, para se ajudarem entre si.<\/strong><\/p>\n<p>8 \u2013 Os candidatos selecionados, ou seus pais ou respons\u00e1veis, em caso de candidato menor de idade, DEVER\u00c3O assinar um contrato de fidelidade e comportamental (<strong>direitos e deveres do casal vencedor<\/strong>) para continuar participando do concurso, sendo desclassificados em caso de negativa.<\/p>\n<p>9 &#8211; Os vencedores ter\u00e3o o direito e a obriga\u00e7\u00e3o de representar a regi\u00e3o na etapa estadual do concurso, em meados de 2025, estando com sua inscri\u00e7\u00e3o paga, documenta\u00e7\u00e3o e trajes prontos, com pelo menos 15 dias de anteced\u00eancia ao evento. O n\u00e3o cumprimento desta clausula implica na perda do titulo, devendo passar o mesmo e a faixa ao seu sucessor, ou ter\u00e1 a (o) Miss\/Mister Simpatia como representante no estadual, conforme decis\u00e3o da organiza\u00e7\u00e3o.<\/p>\n<p>10 \u2013 <strong>A decis\u00e3o do jurado \u00e9 soberana e incontest\u00e1vel, devendo ser acatada incondicionalmente pelo candidato ou seu respons\u00e1vel, respeitando a escolha dos jurados e abstendo-se de qualquer inger\u00eancia quanto ao resultado ou a premia\u00e7\u00e3o que lhe couber caso seja um dos finalistas, sendo que qualquer cr\u00edtica negativa ou ofensiva em rela\u00e7\u00e3o \u00e0 organiza\u00e7\u00e3o ou ao corpo de jurados estar\u00e1 cometendo crime de cal\u00fania e difama\u00e7\u00e3o, pass\u00edvel de processo, multa e perca do t\u00edtulo<\/strong>.<\/p>\n<p>Toda e qualquer d\u00favida, poder\u00e1 ser enviada para os organizadores via e-mail, nos endere\u00e7os acima citados, que ser\u00e3o respondidos em at\u00e9 48 horas.<\/p>\n<p><strong>\u00a0<\/strong><\/p>\n<p>Informa\u00e7\u00f5es:<\/p>\n<p>Gilmar\/whats \u2013 (19) 997516255<\/p>\n<p>Email \u2013\u00a0\u00a0 <strong><a href=\"mailto:contato@modelsfacesbrasil.com.br\">contato@modelsfacesbrasil.com.br<\/a><\/strong><\/p>\n<p><strong>\u00a0<\/strong><\/p>\n<p><strong>\u00a0<\/strong><strong>\u00a0<\/strong><\/p>\n<p><strong>\u00a0\u00a0\u00a0\u00a0\u00a0\u00a0\u00a0\u00a0\u00a0\u00a0\u00a0\u00a0\u00a0\u00a0\u00a0\u00a0\u00a0\u00a0\u00a0\u00a0\u00a0\u00a0\u00a0\u00a0\u00a0\u00a0\u00a0\u00a0\u00a0\u00a0\u00a0\u00a0\u00a0\u00a0\u00a0\u00a0\u00a0\u00a0 VOTA\u00c7\u00c3O ON-LINE<\/strong><strong>\u00a0<\/strong><\/p>\n<p><strong>\u00a0<\/strong><\/p>\n<p>Ap\u00f3s feita a inscri\u00e7\u00e3o, o (a) candidato (a)\u00a0 <strong>DEVER\u00c1<\/strong> (<strong>em at\u00e9 10 dias ap\u00f3s o contato telef\u00f4nico da organiza\u00e7\u00e3o<\/strong>) se dirigir at\u00e9 \u00e0 <strong>WAP<\/strong> produtora, na rua XV de novembro 1033, de segunda \u00e0 sexta feira, em hor\u00e1rio comercial (<strong>entre 09:30hs \u00e0 12:00hs <\/strong>e<strong> 14:30hs \u00e0 17:00hs<\/strong>) para ser fotografado (a) com a camiseta oficial do evento (<strong>a produtora cobra uma taxa simb\u00f3lica de R$10,00 pela foto, paga antes do inscrito ser fotografado<\/strong>), j\u00e1 produzido (a) (sem exageros), onde a foto ser\u00e1 divulgada em um \u00e1lbum na p\u00e1gina oficial do concurso, e a foto mais votada classificar\u00e1 o (a) candidato (a) como vencedor (a) do pr\u00eamio <strong>Popularidade Internet<\/strong>.<strong>\u00a0<\/strong><\/p>\n<p>N\u00e3o ser\u00e3o aceitas curtidas de perfis fakes, ou internacionais comprovadamente falsos, nem ser\u00e1 tolerada qualquer fraude ou subterf\u00fagio usado para alavancar o n\u00famero de curtidas, que n\u00e3o aqueles conseguidos manualmente, ou seja, contato por contato.<\/p>\n<p>Ap\u00f3s o encerramento do per\u00edodo de vota\u00e7\u00e3o, qualquer voto posterior n\u00e3o ser\u00e1 mais computado, e a equipe organizadora analisar\u00e1 os resultados para atestar a legitimidade das mesmas.<\/p>\n<p>O resultado ser\u00e1 printado ao meio dia da data da seletiva, e s\u00f3 ser\u00e1 revelado na noite de coroa\u00e7\u00e3o do evento.<\/p>\n<p>As fotos ser\u00e3o postadas no \u00e1lbum toda segunda feira posterior \u00e0 semana em que foi tirada, e logicamente, aqueles que se inscreverem e fotografarem antecipadamente, ter\u00e3o mais tempo de conseguir votos do que aqueles que o fizerem mais perto da seletiva, ciente disso, a <strong>decis\u00e3o de participar ou n\u00e3o da vota\u00e7\u00e3o on-line e de quando ir\u00e1 se inscrever para o concurso fica \u00e0 crit\u00e9rio de cada candidato ou respons\u00e1vel<\/strong>.<\/p>\n<p>O per\u00edodo para ser fotografado ir\u00e1 at\u00e9 o dia 09 de setembro, e os votos ser\u00e3o contados at\u00e9 \u00e0s 1200hs do dia 14 de setembro, e o resultado, divulgado na noite do evento.<\/p>\n<p>&nbsp;<\/p>\n<p><strong>Ao se inscrever, a equipe organizadora entende que o candidato leu, entendeu, e concorda com as regras aqui descritas, e n\u00e3o aceitar\u00e1 reclama\u00e7\u00f5es posteriores.<\/strong><\/p>\n<p>&nbsp;<\/p>\n<p>&nbsp;<\/p>\n<p>&nbsp;<\/p>\n<p>&nbsp;<\/p>\n<p>&nbsp;<\/p>\n<p>&nbsp;<\/p>\n<p><strong>\u00a0<\/strong><\/p>\n","protected":false},"excerpt":{"rendered":"<p>Miss &amp; Mister Pirassununga\u00a0 2024 &nbsp; REGRAS PARA A INSCRI\u00c7\u00c3O \u00a0 As inscri\u00e7\u00f5es est\u00e3o abertas \u00e0 rapazes e mo\u00e7as \u00e0 partir de 13 anos (em caso de biotipo compat\u00edvel), onde os inscritos at\u00e9 17 anos participar\u00e3o da categoria\u00a0teen\u00a0do concurso e \u00e0 partir de 18 concorrer\u00e3o \u00e0 uma das 30 vagas na categoria\u00a0adulto. &nbsp; Requisitos para [&hellip;]<\/p>\n","protected":false},"author":1,"featured_media":0,"parent":0,"menu_order":0,"comment_status":"closed","ping_status":"closed","template":"","meta":{"h5ap_radio_sources":[],"footnotes":""},"class_list":["post-329","page","type-page","status-publish","hentry"],"_links":{"self":[{"href":"https:\/\/www.missemisterpirassununga.com.br\/site\/wp-json\/wp\/v2\/pages\/329","targetHints":{"allow":["GET"]}}],"collection":[{"href":"https:\/\/www.missemisterpirassununga.com.br\/site\/wp-json\/wp\/v2\/pages"}],"about":[{"href":"https:\/\/www.missemisterpirassununga.com.br\/site\/wp-json\/wp\/v2\/types\/page"}],"author":[{"embeddable":true,"href":"https:\/\/www.missemisterpirassununga.com.br\/site\/wp-json\/wp\/v2\/users\/1"}],"replies":[{"embeddable":true,"href":"https:\/\/www.missemisterpirassununga.com.br\/site\/wp-json\/wp\/v2\/comments?post=329"}],"version-history":[{"count":6,"href":"https:\/\/www.missemisterpirassununga.com.br\/site\/wp-json\/wp\/v2\/pages\/329\/revisions"}],"predecessor-version":[{"id":437,"href":"https:\/\/www.missemisterpirassununga.com.br\/site\/wp-json\/wp\/v2\/pages\/329\/revisions\/437"}],"wp:attachment":[{"href":"https:\/\/www.missemisterpirassununga.com.br\/site\/wp-json\/wp\/v2\/media?parent=329"}],"curies":[{"name":"wp","href":"https:\/\/api.w.org\/{rel}","templated":true}]}}