{"id":326,"date":"2023-03-20T18:32:06","date_gmt":"2023-03-20T21:32:06","guid":{"rendered":"https:\/\/www.missemisterpirassununga.com.br\/?page_id=326"},"modified":"2024-05-02T23:26:14","modified_gmt":"2024-05-03T02:26:14","slug":"miss-mister-pirassununga-melhor-idade","status":"publish","type":"page","link":"https:\/\/www.missemisterpirassununga.com.br\/site\/miss-mister-pirassununga-melhor-idade\/","title":{"rendered":"Miss &#038; Mister Pirassununga Melhor Idade"},"content":{"rendered":"<p><strong>Miss &amp; Mister Pirassununga Melhor Idade\u00a0 2024<\/strong><\/p>\n<p>&nbsp;<\/p>\n<p><strong>REGRAS PARA A INSCRI\u00c7\u00c3O<\/strong><\/p>\n<p><strong>\u00a0<\/strong><\/p>\n<p>As inscri\u00e7\u00f5es est\u00e3o abertas \u00e0 homens e mulheres \u00e0 partir de 60 anos, residentes em Pirassununga e regi\u00e3o.<\/p>\n<p>Uma equipe t\u00e9cnica escolher\u00e1 em uma pr\u00e9-sele\u00e7\u00e3o, entre 10 \u00e0 20 casais, que ir\u00e3o concorrer ao t\u00edtulo de Miss &amp; Mister Melhor Idade Pirassununga e regi\u00e3o, \u00e0 se realizar na tarde e noite de 23 e 24 de Novembro, no <strong>Centro de Conven\u00e7\u00f5es de Pirassununga<\/strong>, localizado \u00e0 avenida Paingu\u00e1s 2014.<\/p>\n<p><strong>\u00a0<\/strong>1<strong> &#8211;<\/strong> Os interessados dever\u00e3o preencher a ficha de cadastro com nome, e-mail e telefone em <strong>LETRA<\/strong> de <strong>FORMA<\/strong>, para que possam ser identificados e contactados posteriormente pela produ\u00e7\u00e3o do evento.<\/p>\n<p>A primeira reuni\u00e3o com os candidatos est\u00e1 marcada para o terceiro final de semana de junho, em local \u00e0 confirmar,\u00a0onde <strong>dever\u00e3o comparecer com uma autoriza\u00e7\u00e3o de uso de imagem), \u00e0 ser solicitada via e-mail para a organiza\u00e7\u00e3o do evento pelo endere\u00e7o <a href=\"mailto:modelsfaces@gmail.com\">modelsfaces@gmail.com<\/a> com c\u00f3pia para <a href=\"mailto:contato@modelsfacesbrasil.com.br\">contato@modelsfacesbrasil.com.br<\/a> deixando nome completo, idade e telefone para contato<\/strong>.<\/p>\n<p>2 &#8211; <strong>N\u00e3o \u00e9 cobrado taxa de inscri\u00e7\u00e3o para participar da seletiva, por\u00e9m as candidatos dever\u00e3o vender para amigos e familiares, a quantidade m\u00ednima de 10 convites (ao pre\u00e7o de R$20,00 cada, com o valor de 2 ingressos j\u00e1 sendo acertados no m\u00eas de junho), sendo devolvido o dinheiro da venda dos ingressos 5 dias antes do evento, n\u00e3o sendo permitido devolver convites n\u00e3o vendidos, sob pena de desclassifica\u00e7\u00e3o do concurso).<\/strong><\/p>\n<p><strong>Os candidatos que tiverem dificuldades de venda de convites, podem oferecer seus convites aos outros candidatos que tem necessidade de compra de mais de 10 convites, para se ajudarem entre si.<\/strong><\/p>\n<p>3 &#8211; Os candidatos selecionados, DEVER\u00c3O assinar um contrato de fidelidade e comportamental (<strong>direitos e deveres da vencedora<\/strong>) para continuar participando do concurso, sendo desclassificadas em caso de negativa.<\/p>\n<p>4 \u2013 <strong>A decis\u00e3o do jurado \u00e9 soberana e incontest\u00e1vel, devendo ser acatada incondicionalmente pelo candidato ou seu respons\u00e1vel, respeitando a escolha dos jurados e abstendo-se de qualquer inger\u00eancia quanto ao resultado ou a premia\u00e7\u00e3o que lhe couber caso seja um dos finalistas, sendo que qualquer cr\u00edtica negativa ou ofensiva em rela\u00e7\u00e3o \u00e0 organiza\u00e7\u00e3o ou ao corpo de jurados estar\u00e1 cometendo crime de cal\u00fania e difama\u00e7\u00e3o, pass\u00edvel de processo, multa e perca do t\u00edtulo<\/strong>.<\/p>\n<p>Toda e qualquer d\u00favida, poder\u00e1 ser enviada para os organizadores via e-mail, nos endere\u00e7os acima citados, que ser\u00e3o respondidos em at\u00e9 48 horas.<\/p>\n<p>&nbsp;<\/p>\n<h2><strong>VOTA\u00c7\u00c3O ON-LINE<\/strong><\/h2>\n<p>&nbsp;<\/p>\n<p>Ap\u00f3s feita a inscri\u00e7\u00e3o, o (a) candidato (a)\u00a0 <strong>DEVER\u00c1<\/strong> (<strong>em at\u00e9 10 dias ap\u00f3s o contato telef\u00f4nico da organiza\u00e7\u00e3o<\/strong>) se dirigir at\u00e9 \u00e0 <strong>WAP<\/strong> produtora, na rua XV de novembro 1033, de segunda \u00e0 sexta feira, em hor\u00e1rio comercial (<strong>entre 09:30hs \u00e0 12:00hs <\/strong>e<strong> 14:30hs \u00e0 17:00hs<\/strong>) para ser fotografado (a) com a camiseta oficial do evento (<strong>a produtora cobra uma taxa simb\u00f3lica de R$10,00 pela foto, paga antes do inscrito ser fotografado<\/strong>), j\u00e1 produzido (a) (sem exageros), onde a foto ser\u00e1 divulgada em um \u00e1lbum na p\u00e1gina oficial do concurso, e a foto mais votada classificar\u00e1 o (a) candidato (a) como vencedor (a) do pr\u00eamio <strong>Popularidade Internet<\/strong>.<\/p>\n<p>O per\u00edodo para ser fotografado ir\u00e1 at\u00e9 o dia 09 de setembro, e os votos ser\u00e3o contados at\u00e9 \u00e0s 1200hs do dia 14 de setembro, e o resultado, divulgado na noite do evento.<\/p>\n<p>N\u00e3o ser\u00e3o aceitas curtidas de perfis fakes, ou internacionais comprovadamente falsos, nem ser\u00e1 tolerada qualquer fraude ou subterf\u00fagio usado para alavancar o n\u00famero de curtidas, que n\u00e3o aqueles conseguidos manualmente, ou seja, contato por contato.<\/p>\n<p>Ap\u00f3s o encerramento do per\u00edodo de vota\u00e7\u00e3o, qualquer voto posterior n\u00e3o ser\u00e1 mais computado, e a equipe organizadora analisar\u00e1 os resultados para atestar a legitimidade das mesmas.<\/p>\n<p>O resultado ser\u00e1 printado ao meio dia da data da seletiva, e s\u00f3 ser\u00e1 revelado na tarde de coroa\u00e7\u00e3o do evento.<\/p>\n<p>As fotos ser\u00e3o postadas no \u00e1lbum toda segunda feira posterior \u00e0 semana em que a foto foi tirada, e logicamente, aqueles que se inscreverem e fotografarem antecipadamente, ter\u00e3o mais tempo de conseguir votos do que aqueles que o fizerem mais perto da seletiva, ciente disso, a <strong>decis\u00e3o de participar ou n\u00e3o da vota\u00e7\u00e3o on-line e de quando ir\u00e1 se inscrever para o concurso fica \u00e0 crit\u00e9rio de cada candidato ou respons\u00e1vel<\/strong>.<strong>\u00a0<\/strong><\/p>\n<p><strong>Ao se inscrever, a equipe organizadora entende que o candidato leu, entendeu, e concorda com as regras aqui descritas, e n\u00e3o aceitar\u00e1 reclama\u00e7\u00f5es posteriores.<\/strong><\/p>\n<p>&nbsp;<\/p>\n<p>Informa\u00e7\u00f5es:<\/p>\n<p>Gilmar\/whats \u2013 (19) 997516255<\/p>\n<p>Email \u2013\u00a0\u00a0 <strong><a href=\"mailto:contato@modelsfacesbrasil.com.br\">contato@modelsfacesbrasil.com.br<\/a><\/strong><\/p>\n<p>&nbsp;<\/p>\n<p>&nbsp;<\/p>\n<p>&nbsp;<\/p>\n<p><a href=\"https:\/\/www.missemisterpirassununga.com.br\/site\/site\/wp-content\/uploads\/2022\/03\/regras-para-inscricao-Miss-Mister-Pirassununga.doc\" target=\"_blank\" rel=\"noopener\">Regras para inscri\u00e7\u00e3o Miss &amp; Mister Pirassununga<\/a><\/p>\n<p><a href=\"https:\/\/www.missemisterpirassununga.com.br\/site\/site\/wp-content\/uploads\/2022\/03\/regras-para-inscricao-Miss-e-Mister-Pirassununga-Infantil.doc\" target=\"_blank\" rel=\"noopener\">Regras para inscri\u00e7\u00e3o Miss e Mister Pirassununga Infantil<\/a><\/p>\n<p><a href=\"https:\/\/www.missemisterpirassununga.com.br\/site\/site\/wp-content\/uploads\/2022\/03\/regras-para-inscricao-Miss-Pirassununga-Pluz-Size.doc\" target=\"_blank\" rel=\"noopener\">Regras para inscri\u00e7\u00e3o Miss Pirassununga Pluz Size<\/a><\/p>\n","protected":false},"excerpt":{"rendered":"<p>Miss &amp; Mister Pirassununga Melhor Idade\u00a0 2024 &nbsp; REGRAS PARA A INSCRI\u00c7\u00c3O \u00a0 As inscri\u00e7\u00f5es est\u00e3o abertas \u00e0 homens e mulheres \u00e0 partir de 60 anos, residentes em Pirassununga e regi\u00e3o. Uma equipe t\u00e9cnica escolher\u00e1 em uma pr\u00e9-sele\u00e7\u00e3o, entre 10 \u00e0 20 casais, que ir\u00e3o concorrer ao t\u00edtulo de Miss &amp; Mister Melhor Idade Pirassununga [&hellip;]<\/p>\n","protected":false},"author":1,"featured_media":0,"parent":0,"menu_order":0,"comment_status":"closed","ping_status":"closed","template":"","meta":{"h5ap_radio_sources":[],"footnotes":""},"class_list":["post-326","page","type-page","status-publish","hentry"],"_links":{"self":[{"href":"https:\/\/www.missemisterpirassununga.com.br\/site\/wp-json\/wp\/v2\/pages\/326","targetHints":{"allow":["GET"]}}],"collection":[{"href":"https:\/\/www.missemisterpirassununga.com.br\/site\/wp-json\/wp\/v2\/pages"}],"about":[{"href":"https:\/\/www.missemisterpirassununga.com.br\/site\/wp-json\/wp\/v2\/types\/page"}],"author":[{"embeddable":true,"href":"https:\/\/www.missemisterpirassununga.com.br\/site\/wp-json\/wp\/v2\/users\/1"}],"replies":[{"embeddable":true,"href":"https:\/\/www.missemisterpirassununga.com.br\/site\/wp-json\/wp\/v2\/comments?post=326"}],"version-history":[{"count":11,"href":"https:\/\/www.missemisterpirassununga.com.br\/site\/wp-json\/wp\/v2\/pages\/326\/revisions"}],"predecessor-version":[{"id":438,"href":"https:\/\/www.missemisterpirassununga.com.br\/site\/wp-json\/wp\/v2\/pages\/326\/revisions\/438"}],"wp:attachment":[{"href":"https:\/\/www.missemisterpirassununga.com.br\/site\/wp-json\/wp\/v2\/media?parent=326"}],"curies":[{"name":"wp","href":"https:\/\/api.w.org\/{rel}","templated":true}]}}