{"id":151,"date":"2022-03-31T17:43:38","date_gmt":"2022-03-31T17:43:38","guid":{"rendered":"https:\/\/www.missemisterpirassununga.com.br\/site\/?page_id=151"},"modified":"2024-05-02T22:02:15","modified_gmt":"2024-05-03T01:02:15","slug":"regulamentos","status":"publish","type":"page","link":"https:\/\/www.missemisterpirassununga.com.br\/site\/regulamentos\/","title":{"rendered":"Regulamento"},"content":{"rendered":"<h2>Regulamento 2024<\/h2>\n<ul>\n<li><a href=\"https:\/\/www.missemisterpirassununga.com.br\/site\/miss-mister-pirassununga-melhor-idade\/\" rel=\"noopener\">Regras para inscri\u00e7\u00e3o Miss &amp; Mister Pirassununga Melhor Idade<\/a><\/li>\n<li><a href=\"https:\/\/www.missemisterpirassununga.com.br\/site\/miss-mister-pirassununga-2\/\" rel=\"noopener\">Regras para inscri\u00e7\u00e3o Miss &amp; Mister Pirassununga<\/a><\/li>\n<li><a href=\"https:\/\/www.missemisterpirassununga.com.br\/site\/miss-mister-pirassununga-infantil\/\" rel=\"noopener\">Regras para inscri\u00e7\u00e3o Miss e Mister Pirassununga Infantil<\/a><\/li>\n<li><a href=\"https:\/\/www.missemisterpirassununga.com.br\/site\/miss-pirassununga-pluz-size\/\" rel=\"noopener\">Regras para inscri\u00e7\u00e3o Miss Pirassununga Pluz Size<\/a><\/li>\n<\/ul>\n","protected":false},"excerpt":{"rendered":"<p>Regulamento 2024 Regras para inscri\u00e7\u00e3o Miss &amp; Mister Pirassununga Melhor Idade Regras para inscri\u00e7\u00e3o Miss &amp; Mister Pirassununga Regras para inscri\u00e7\u00e3o Miss e Mister Pirassununga Infantil Regras para inscri\u00e7\u00e3o Miss Pirassununga Pluz Size<\/p>\n","protected":false},"author":1,"featured_media":0,"parent":0,"menu_order":0,"comment_status":"closed","ping_status":"closed","template":"page-full.php","meta":{"h5ap_radio_sources":[],"footnotes":""},"class_list":["post-151","page","type-page","status-publish","hentry"],"_links":{"self":[{"href":"https:\/\/www.missemisterpirassununga.com.br\/site\/wp-json\/wp\/v2\/pages\/151","targetHints":{"allow":["GET"]}}],"collection":[{"href":"https:\/\/www.missemisterpirassununga.com.br\/site\/wp-json\/wp\/v2\/pages"}],"about":[{"href":"https:\/\/www.missemisterpirassununga.com.br\/site\/wp-json\/wp\/v2\/types\/page"}],"author":[{"embeddable":true,"href":"https:\/\/www.missemisterpirassununga.com.br\/site\/wp-json\/wp\/v2\/users\/1"}],"replies":[{"embeddable":true,"href":"https:\/\/www.missemisterpirassununga.com.br\/site\/wp-json\/wp\/v2\/comments?post=151"}],"version-history":[{"count":15,"href":"https:\/\/www.missemisterpirassununga.com.br\/site\/wp-json\/wp\/v2\/pages\/151\/revisions"}],"predecessor-version":[{"id":430,"href":"https:\/\/www.missemisterpirassununga.com.br\/site\/wp-json\/wp\/v2\/pages\/151\/revisions\/430"}],"wp:attachment":[{"href":"https:\/\/www.missemisterpirassununga.com.br\/site\/wp-json\/wp\/v2\/media?parent=151"}],"curies":[{"name":"wp","href":"https:\/\/api.w.org\/{rel}","templated":true}]}}