{"id":142,"date":"2022-03-31T17:29:26","date_gmt":"2022-03-31T17:29:26","guid":{"rendered":"https:\/\/www.missemisterpirassununga.com.br\/site\/?page_id=142"},"modified":"2022-04-01T10:09:40","modified_gmt":"2022-04-01T10:09:40","slug":"miss-e-mister-beleza-regional","status":"publish","type":"page","link":"https:\/\/www.missemisterpirassununga.com.br\/site\/miss-e-mister-beleza-regional\/","title":{"rendered":"Miss e Mister Beleza Regional"},"content":{"rendered":"<p>Categoria criada para candidatos (crian\u00e7as, adolescentes e adultos &#8211; solteiros ou no m\u00e1ximo noivos) de ambos os sexos, moradores de cidades circunvizinhas \u00e0 Pirassununga, que n\u00e3o possuem nenhuma esp\u00e9cie de v\u00ednculo com a cidade, mas podem representar seu munic\u00edpio de origem, em busca do t\u00edtulo regional de beleza.<br \/>\nO circuito regional engloba as cidades de Leme, Araras, Porto Ferreira, Anal\u00e2ndia, Santa Cruz da Concei\u00e7\u00e3o, Agua\u00ed, Santa Cruz das Palmeiras, Santa Rita do Passa Quatro, Descalvado, Tamba\u00fa, Casa Branca e Mococa.<\/p>\n","protected":false},"excerpt":{"rendered":"<p>Categoria criada para candidatos (crian\u00e7as, adolescentes e adultos &#8211; solteiros ou no m\u00e1ximo noivos) de ambos os sexos, moradores de cidades circunvizinhas \u00e0 Pirassununga, que n\u00e3o possuem nenhuma esp\u00e9cie de v\u00ednculo com a cidade, mas podem representar seu munic\u00edpio de origem, em busca do t\u00edtulo regional de beleza. O circuito regional engloba as cidades de [&hellip;]<\/p>\n","protected":false},"author":1,"featured_media":0,"parent":0,"menu_order":0,"comment_status":"closed","ping_status":"closed","template":"page-full.php","meta":{"h5ap_radio_sources":[],"footnotes":""},"class_list":["post-142","page","type-page","status-publish","hentry"],"_links":{"self":[{"href":"https:\/\/www.missemisterpirassununga.com.br\/site\/wp-json\/wp\/v2\/pages\/142","targetHints":{"allow":["GET"]}}],"collection":[{"href":"https:\/\/www.missemisterpirassununga.com.br\/site\/wp-json\/wp\/v2\/pages"}],"about":[{"href":"https:\/\/www.missemisterpirassununga.com.br\/site\/wp-json\/wp\/v2\/types\/page"}],"author":[{"embeddable":true,"href":"https:\/\/www.missemisterpirassununga.com.br\/site\/wp-json\/wp\/v2\/users\/1"}],"replies":[{"embeddable":true,"href":"https:\/\/www.missemisterpirassununga.com.br\/site\/wp-json\/wp\/v2\/comments?post=142"}],"version-history":[{"count":3,"href":"https:\/\/www.missemisterpirassununga.com.br\/site\/wp-json\/wp\/v2\/pages\/142\/revisions"}],"predecessor-version":[{"id":194,"href":"https:\/\/www.missemisterpirassununga.com.br\/site\/wp-json\/wp\/v2\/pages\/142\/revisions\/194"}],"wp:attachment":[{"href":"https:\/\/www.missemisterpirassununga.com.br\/site\/wp-json\/wp\/v2\/media?parent=142"}],"curies":[{"name":"wp","href":"https:\/\/api.w.org\/{rel}","templated":true}]}}