{"id":140,"date":"2022-03-31T17:29:13","date_gmt":"2022-03-31T17:29:13","guid":{"rendered":"https:\/\/www.missemisterpirassununga.com.br\/site\/?page_id=140"},"modified":"2022-03-31T17:55:37","modified_gmt":"2022-03-31T17:55:37","slug":"miss-e-mister-melhor-idade","status":"publish","type":"page","link":"https:\/\/www.missemisterpirassununga.com.br\/site\/miss-e-mister-melhor-idade\/","title":{"rendered":"Miss e Mister Melhor Idade"},"content":{"rendered":"<p>Categoria para homens e mulheres, acima de 60 anos, moradores de Pirassununga, ou moradores de outras cidades, desde que sejam nascidos aqui, ou trabalhem ou estudem regularmente em Pirassununga, que concorrer\u00e3o ao t\u00edtulo m\u00e1ximo da beleza Senior.<\/p>\n","protected":false},"excerpt":{"rendered":"<p>Categoria para homens e mulheres, acima de 60 anos, moradores de Pirassununga, ou moradores de outras cidades, desde que sejam nascidos aqui, ou trabalhem ou estudem regularmente em Pirassununga, que concorrer\u00e3o ao t\u00edtulo m\u00e1ximo da beleza Senior.<\/p>\n","protected":false},"author":1,"featured_media":0,"parent":0,"menu_order":0,"comment_status":"closed","ping_status":"closed","template":"page-full.php","meta":{"h5ap_radio_sources":[],"footnotes":""},"class_list":["post-140","page","type-page","status-publish","hentry"],"_links":{"self":[{"href":"https:\/\/www.missemisterpirassununga.com.br\/site\/wp-json\/wp\/v2\/pages\/140","targetHints":{"allow":["GET"]}}],"collection":[{"href":"https:\/\/www.missemisterpirassununga.com.br\/site\/wp-json\/wp\/v2\/pages"}],"about":[{"href":"https:\/\/www.missemisterpirassununga.com.br\/site\/wp-json\/wp\/v2\/types\/page"}],"author":[{"embeddable":true,"href":"https:\/\/www.missemisterpirassununga.com.br\/site\/wp-json\/wp\/v2\/users\/1"}],"replies":[{"embeddable":true,"href":"https:\/\/www.missemisterpirassununga.com.br\/site\/wp-json\/wp\/v2\/comments?post=140"}],"version-history":[{"count":2,"href":"https:\/\/www.missemisterpirassununga.com.br\/site\/wp-json\/wp\/v2\/pages\/140\/revisions"}],"predecessor-version":[{"id":164,"href":"https:\/\/www.missemisterpirassununga.com.br\/site\/wp-json\/wp\/v2\/pages\/140\/revisions\/164"}],"wp:attachment":[{"href":"https:\/\/www.missemisterpirassununga.com.br\/site\/wp-json\/wp\/v2\/media?parent=140"}],"curies":[{"name":"wp","href":"https:\/\/api.w.org\/{rel}","templated":true}]}}