{"id":138,"date":"2022-03-31T17:29:01","date_gmt":"2022-03-31T17:29:01","guid":{"rendered":"https:\/\/www.missemisterpirassununga.com.br\/site\/?page_id=138"},"modified":"2022-03-31T17:55:26","modified_gmt":"2022-03-31T17:55:26","slug":"miss-plus-size-pirassununga-e-regiao","status":"publish","type":"page","link":"https:\/\/www.missemisterpirassununga.com.br\/site\/miss-plus-size-pirassununga-e-regiao\/","title":{"rendered":"Miss Plus Size Pirassununga e regi\u00e3o"},"content":{"rendered":"<p>Categoria para candidatas de P\u00ecrassununga e regi\u00e3o, mulheres entre 17 \u00e0 50 anos, com manequim acima da numera\u00e7\u00e3o 44, proporcionais em altura e medidas &#8211; devem se encontrar abaixo das caracter\u00edsticas de obesidade m\u00f3rbida.<\/p>\n<p>O circuito regional engloba as cidades de Leme, Araras, Porto Ferreira, Anal\u00e2ndia, Santa Cruz da Concei\u00e7\u00e3o, Agua\u00ed, Santa Cruz das Palmeiras, Santa Rita do Passa Quatro, Descalvado, Tamba\u00fa, Casa Branca e Mococa.<\/p>\n","protected":false},"excerpt":{"rendered":"<p>Categoria para candidatas de P\u00ecrassununga e regi\u00e3o, mulheres entre 17 \u00e0 50 anos, com manequim acima da numera\u00e7\u00e3o 44, proporcionais em altura e medidas &#8211; devem se encontrar abaixo das caracter\u00edsticas de obesidade m\u00f3rbida. O circuito regional engloba as cidades de Leme, Araras, Porto Ferreira, Anal\u00e2ndia, Santa Cruz da Concei\u00e7\u00e3o, Agua\u00ed, Santa Cruz das Palmeiras, [&hellip;]<\/p>\n","protected":false},"author":1,"featured_media":0,"parent":0,"menu_order":0,"comment_status":"closed","ping_status":"closed","template":"page-full.php","meta":{"h5ap_radio_sources":[],"footnotes":""},"class_list":["post-138","page","type-page","status-publish","hentry"],"_links":{"self":[{"href":"https:\/\/www.missemisterpirassununga.com.br\/site\/wp-json\/wp\/v2\/pages\/138","targetHints":{"allow":["GET"]}}],"collection":[{"href":"https:\/\/www.missemisterpirassununga.com.br\/site\/wp-json\/wp\/v2\/pages"}],"about":[{"href":"https:\/\/www.missemisterpirassununga.com.br\/site\/wp-json\/wp\/v2\/types\/page"}],"author":[{"embeddable":true,"href":"https:\/\/www.missemisterpirassununga.com.br\/site\/wp-json\/wp\/v2\/users\/1"}],"replies":[{"embeddable":true,"href":"https:\/\/www.missemisterpirassununga.com.br\/site\/wp-json\/wp\/v2\/comments?post=138"}],"version-history":[{"count":2,"href":"https:\/\/www.missemisterpirassununga.com.br\/site\/wp-json\/wp\/v2\/pages\/138\/revisions"}],"predecessor-version":[{"id":163,"href":"https:\/\/www.missemisterpirassununga.com.br\/site\/wp-json\/wp\/v2\/pages\/138\/revisions\/163"}],"wp:attachment":[{"href":"https:\/\/www.missemisterpirassununga.com.br\/site\/wp-json\/wp\/v2\/media?parent=138"}],"curies":[{"name":"wp","href":"https:\/\/api.w.org\/{rel}","templated":true}]}}